{"id":36,"date":"2015-01-07T16:29:43","date_gmt":"2015-01-07T16:29:43","guid":{"rendered":"https:\/\/globaloutreach.hu\/?page_id=36"},"modified":"2015-01-15T12:46:27","modified_gmt":"2015-01-15T12:46:27","slug":"oregdiakok","status":"publish","type":"page","link":"https:\/\/globaloutreach.hu\/en\/oregdiakok\/","title":{"rendered":"Alumni"},"content":{"rendered":"<div id=\"fb-root\"><\/div>\n<p>Az elm\u00falt 22 \u00e9vben \u00f6sszesen 99 magyar di\u00e1k vett r\u00e9szt a Global Outreach programban.<\/p>\n<h1 style=\"text-align: center;\">2014<\/h1>\n<hr color=\"black\">\n<center><\/p>\n<div class=\"container-fluid\">\n<div class=\"row\">\n<div class=\"col-xs-12 col-sm-6 col-md-4 col-lg-3\"><font size=\"4\">Asztalos Rita<\/font><\/div>\n<div class=\"col-xs-12 col-sm-6 col-md-4 col-lg-3\"><font size=\"4\">Breuer P\u00e9ter<\/font><\/div>\n<div class=\"col-xs-12 col-sm-6 col-md-4 col-lg-3\"><font size=\"4\">Fekete Gergely<\/font><\/div>\n<div class=\"col-xs-12 col-sm-6 col-md-4 col-lg-3\"><font size=\"4\">F\u00fczi Andor<\/font><\/div>\n<\/div>\n<\/p>\n<div class=\"row\">\n<div class=\"col-xs-12 col-sm-6 col-md-4 col-lg-3\"><font size=\"4\">Oltv\u00e1nyi L\u00e1szl\u00f3<\/font><\/div>\n<div class=\"col-xs-12 col-sm-6 col-md-4 col-lg-3\"><font size=\"4\">Papp J\u00e1nos<\/font><\/div>\n<div class=\"col-xs-12 col-sm-6 col-md-4 col-lg-3\"><font size=\"4\">R\u00e1cz Zsuzsanna<\/font><\/div>\n<div class=\"col-xs-12 col-sm-6 col-md-4 col-lg-3\"><font size=\"4\">Schumicky Ilona<\/font><\/div>\n<\/div>\n<\/p>\n<div class=\"row\">\n<div class=\"col-xs-12 col-sm-6 col-md-6 col-lg-6\"><font size=\"4\">Taller Hanna<\/font><\/div>\n<div class=\"col-xs-12 col-sm-6 col-md-6 col-lg-6\"><font size=\"4\">Taks\u00f3 M\u00e1t\u00e9<\/font><\/div>\n<\/div>\n<p><\/center><\/p>\n<h1 style=\"text-align: center;\">2013<\/h1>\n<hr color=\"black\">\n<center><\/p>\n<div class=\"container-fluid\">\n<div class=\"row\">\n<div class=\"col-xs-12 col-sm-6 col-md-4 col-lg-3\"><font size=\"4\">Aujeszky N\u00f3ra<\/font><\/div>\n<div class=\"col-xs-12 col-sm-6 col-md-4 col-lg-3\"><font size=\"4\">Bakos Marcell<\/font><\/div>\n<div class=\"col-xs-12 col-sm-6 col-md-4 col-lg-3\"><font size=\"4\">Berecz Bogl\u00e1rka<\/font><\/div>\n<div class=\"col-xs-12 col-sm-6 col-md-4 col-lg-3\"><font size=\"4\">Bokor D\u00e1niel Arnold<\/font><\/div>\n<\/div>\n<\/p>\n<div class=\"row\">\n<div class=\"col-xs-12 col-sm-6 col-md-4 col-lg-3\"><font size=\"4\">Cs\u00e1sz\u00e1r Eszter<\/font><\/div>\n<div class=\"col-xs-12 col-sm-6 col-md-4 col-lg-3\"><font size=\"4\">Medgyesi Adrienn<\/font><\/div>\n<div class=\"col-xs-12 col-sm-6 col-md-4 col-lg-3\"><font size=\"4\">Pahocsa J\u00falia<\/font><\/div>\n<div class=\"col-xs-12 col-sm-6 col-md-4 col-lg-3\"><font size=\"4\">T\u00f3th Bernadett<\/font><\/div>\n<\/div>\n<h1 style=\"text-align: center;\">2012<\/h1>\n<hr color=\"black\">\n<center><\/p>\n<div class=\"container-fluid\">\n<div class=\"row\">\n<div class=\"col-xs-12 col-sm-6 col-md-4 col-lg-3\"><font size=\"4\">Bartos Kinga<\/font><\/div>\n<div class=\"col-xs-12 col-sm-6 col-md-4 col-lg-3\"><font size=\"4\">Fekete T\u00fcnde<\/font><\/div>\n<div class=\"col-xs-12 col-sm-6 col-md-4 col-lg-3\"><font size=\"4\">Juh\u00e1sz R\u00e9ka<\/font><\/div>\n<div class=\"col-xs-12 col-sm-6 col-md-4 col-lg-3\"><font size=\"4\">Kiss M\u00e1t\u00e9<\/font><\/div>\n<\/div>\n<\/p>\n<div class=\"row\">\n<div class=\"col-xs-12 col-sm-4 col-md-4 col-lg-4\"><font size=\"4\">L\u00e9vai Benedek<\/font><\/div>\n<div class=\"col-xs-12 col-sm-4 col-md-4 col-lg-4\"><font size=\"4\">Tom\u00e1n Petra<<\/font><\/div>\n<div class=\"col-xs-12 col-sm-4 col-md-4 col-lg-4\"><font size=\"4\">Tompa M\u00e1rk<\/font><\/div>\n<\/p><\/div>\n<\/p>\n<h1 style=\"text-align: center;\">2011<\/h1>\n<hr color=\"black\">\n<center><\/p>\n<div class=\"container-fluid\">\n<div class=\"row\">\n<div class=\"col-xs-12 col-sm-6 col-md-4 col-lg-3\"><font size=\"4\">Dros Enik\u0151<\/font><\/div>\n<div class=\"col-xs-12 col-sm-6 col-md-4 col-lg-3\"><font size=\"4\">Gonda S\u00e1ra<\/font><\/div>\n<div class=\"col-xs-12 col-sm-6 col-md-4 col-lg-3\"><font size=\"4\">Jicsinszky R\u00f3bert<\/font><\/div>\n<div class=\"col-xs-12 col-sm-6 col-md-4 col-lg-3\"><font size=\"4\">Kulin R\u00e9ka<\/font><\/div>\n<\/div>\n<\/p>\n<h1 style=\"text-align: center;\">2010<\/h1>\n<hr color=\"black\">\n<center><\/p>\n<div class=\"container-fluid\">\n<div class=\"row\">\n<div class=\"col-xs-12 col-sm-6 col-md-4 col-lg-3\"><font size=\"4\">Csik\u00f3 Gy\u00f6rgy<\/font><\/div>\n<div class=\"col-xs-12 col-sm-6 col-md-4 col-lg-3\"><font size=\"4\">Farkas M\u00e1t\u00e9<\/font><\/div>\n<div class=\"col-xs-12 col-sm-6 col-md-4 col-lg-3\"><font size=\"4\">G\u00f6r\u00f6g Kinga<\/font><\/div>\n<div class=\"col-xs-12 col-sm-6 col-md-4 col-lg-3\"><font size=\"4\">Kov\u00e1cs Judit<\/font><\/div>\n<\/p><\/div>\n<\/p>\n<div class=\"row\">\n<div class=\"col-xs-12 col-sm-6 col-md-4 col-lg-3\"><font size=\"4\">Lapu \u00c1rp\u00e1d<\/font><\/div>\n<div class=\"col-xs-12 col-sm-6 col-md-4 col-lg-3\"><font size=\"4\">Seres Imre<\/font><\/div>\n<div class=\"col-xs-12 col-sm-6 col-md-4 col-lg-3\"><font size=\"4\">Task\u00f3 Anita<\/font><\/div>\n<div class=\"col-xs-12 col-sm-6 col-md-4 col-lg-3\"><font size=\"4\">Tomcs\u00e1nyi Domonkos<\/font><\/div>\n<\/p><\/div>\n<\/p>\n<h1 style=\"text-align: center;\">2009<\/h1>\n<hr color=\"black\">\n<center><\/p>\n<div class=\"container-fluid\">\n<div class=\"row\">\n<div class=\"col-xs-12 col-sm-6 col-md-4 col-lg-3\"><font size=\"4\">Csisz\u00e1r Katalin<\/font><\/div>\n<div class=\"col-xs-12 col-sm-6 col-md-4 col-lg-3\"><font size=\"4\">Karl\u00f3cai Gergely<\/font><\/div>\n<div class=\"col-xs-12 col-sm-6 col-md-4 col-lg-3\"><font size=\"4\">Kempler K\u00e1roly<\/font><\/div>\n<div class=\"col-xs-12 col-sm-6 col-md-4 col-lg-3\"><font size=\"4\">Kiss Eszter<\/font><\/div>\n<\/p><\/div>\n<\/p>\n<div class=\"row\">\n<div class=\"col-xs-12 col-sm-6 col-md-6 col-lg-6\"><font size=\"4\">Kov\u00e1cs Gerg\u0151<\/font><\/div>\n<div class=\"col-xs-12 col-sm-6 col-md-6 col-lg-6\"><font size=\"4\">Nemes D\u00f3ra<\/font><\/div>\n<\/p><\/div>\n<\/p>\n<h1 style=\"text-align: center;\">2008<\/h1>\n<hr color=\"black\">\n<center><\/p>\n<div class=\"container-fluid\">\n<div class=\"row\">\n<div class=\"col-xs-12 col-sm-6 col-md-4 col-lg-3\"><font size=\"4\">Fekete Gy\u00f6ngyi<\/font><\/div>\n<div class=\"col-xs-12 col-sm-6 col-md-4 col-lg-3\"><font size=\"4\">F\u00fczi Zolt\u00e1n<\/font><\/div>\n<div class=\"col-xs-12 col-sm-6 col-md-4 col-lg-3\"><font size=\"4\">Jobb\u00e1gy Borb\u00e1la<\/font><\/div>\n<div class=\"col-xs-12 col-sm-6 col-md-4 col-lg-3\"><font size=\"4\">Kanta Henrietta<\/font><\/div>\n<\/p><\/div>\n<\/p>\n<div class=\"row\">\n<div class=\"col-xs-12 col-sm-6 col-md-4 col-lg-3\"><font size=\"4\">Koll\u00e1r Kl\u00e1ra<\/font><\/div>\n<div class=\"col-xs-12 col-sm-6 col-md-4 col-lg-3\"><font size=\"4\">Kov\u00e1cs Vikt\u00f3ria<\/font><\/div>\n<div class=\"col-xs-12 col-sm-6 col-md-4 col-lg-3\"><font size=\"4\">Moln\u00e1r M\u00e1ty\u00e1s<\/font><\/div>\n<div class=\"col-xs-12 col-sm-6 col-md-4 col-lg-3\"><font size=\"4\">Rom\u00e1n Tam\u00e1s<\/font><\/div>\n<\/p><\/div>\n<\/p>\n<h1 style=\"text-align: center;\">2007<\/h1>\n<hr color=\"black\">\n<center><\/p>\n<div class=\"container-fluid\">\n<div class=\"row\">\n<div class=\"col-xs-12 col-sm-6 col-md-4 col-lg-3\"><font size=\"4\">Hajd\u00fa M\u00e1rta<\/font><\/div>\n<div class=\"col-xs-12 col-sm-6 col-md-4 col-lg-3\"><font size=\"4\">Hergovich Katalin<\/font><\/div>\n<div class=\"col-xs-12 col-sm-6 col-md-4 col-lg-3\"><font size=\"4\">Kond\u00e9 Kl\u00e1ra<\/font><\/div>\n<div class=\"col-xs-12 col-sm-6 col-md-4 col-lg-3\"><font size=\"4\">Korom M\u00e1rta<\/font><\/div>\n<\/p><\/div>\n<\/p>\n<div class=\"row\">\n<div class=\"col-xs-12 col-sm-4 col-md-4 col-lg-4\"><font size=\"4\">Kov\u00e1cs N\u00f3ra<\/font><\/div>\n<div class=\"col-xs-12 col-sm-4 col-md-4 col-lg-4\"><font size=\"4\">Magyar Domonkos<\/font><\/div>\n<div class=\"col-xs-12 col-sm-4 col-md-4 col-lg-4\"><font size=\"4\">T\u00f3th \u00c1gnes<\/font><\/div>\n<\/p><\/div>\n<\/p>\n<h1 style=\"text-align: center;\">2006<\/h1>\n<hr color=\"black\">\n<center><\/p>\n<div class=\"container-fluid\">\n<div class=\"row\">\n<div class=\"col-xs-12 col-sm-6 col-md-6 col-lg-6\"><font size=\"4\">G\u00e1bor J\u00e1cinta<\/font><\/div>\n<div class=\"col-xs-12 col-sm-6 col-md-6 col-lg-6\"><font size=\"4\">K\u00e1lcsics Gerg\u0151<\/font><\/div>\n<\/p><\/div>\n<\/p>\n<h1 style=\"text-align: center;\">2005<\/h1>\n<hr color=\"black\">\n<center><\/p>\n<div class=\"container-fluid\">\n<div class=\"row\">\n<div class=\"col-xs-12 col-sm-6 col-md-4 col-lg-3\"><font size=\"4\">Dulics P\u00e9ter<\/font><\/div>\n<div class=\"col-xs-12 col-sm-6 col-md-4 col-lg-3\"><font size=\"4\">Kond\u00e9 Zs\u00f3fia<\/font><\/div>\n<div class=\"col-xs-12 col-sm-6 col-md-4 col-lg-3\"><font size=\"4\">Lakatos Anna<\/font><\/div>\n<div class=\"col-xs-12 col-sm-6 col-md-4 col-lg-3\"><font size=\"4\">N\u00e9meth D\u00e1niel<\/font><\/div>\n<\/p><\/div>\n<\/p>\n<h1 style=\"text-align: center;\">2004<\/h1>\n<hr color=\"black\">\n<center><\/p>\n<div class=\"container-fluid\">\n<div class=\"row\">\n<div class=\"col-xs-12 col-sm-6 col-md-4 col-lg-4\"><font size=\"4\">Gonda Bence<\/font><\/div>\n<div class=\"col-xs-12 col-sm-6 col-md-4 col-lg-4\"><font size=\"4\">\u00dajhelyi Zsigmond<\/font><\/div>\n<div class=\"col-xs-12 col-sm-6 col-md-4 col-lg-4\"><font size=\"4\">Vincze M\u00e1t\u00e9<\/font><\/div>\n<\/p><\/div>\n<\/p>\n<h1 style=\"text-align: center;\">2003<\/h1>\n<hr color=\"black\">\n<center><\/p>\n<div class=\"container-fluid\">\n<div class=\"row\">\n<div class=\"col-xs-12 col-sm-12 col-md-12 col-lg-12\"><font size=\"4\">Fodor El\u0151d<\/font><\/div>\n<\/div>\n<\/p>\n<h1 style=\"text-align: center;\">2002<\/h1>\n<hr color=\"black\">\n<center><\/p>\n<div class=\"container-fluid\">\n<div class=\"row\">\n<div class=\"col-xs-12 col-sm-6 col-md-4 col-lg-3\"><font size=\"4\">B\u00e1nyai R\u00e9ka-Izabella<\/font><\/div>\n<div class=\"col-xs-12 col-sm-6 col-md-4 col-lg-3\"><font size=\"4\">Izs\u00e1ki Bogl\u00e1rka<\/font><\/div>\n<div class=\"col-xs-12 col-sm-6 col-md-4 col-lg-3\"><font size=\"4\">P\u00fcsp\u00f6ki Gy\u00f6rgyi<\/font><\/div>\n<div class=\"col-xs-12 col-sm-6 col-md-4 col-lg-3\"><font size=\"4\">Zimmermann Rita<\/font><\/div>\n<\/p><\/div>\n<\/p>\n<h1 style=\"text-align: center;\">2001<\/h1>\n<hr color=\"black\">\n<center><\/p>\n<div class=\"container-fluid\">\n<div class=\"row\">\n<div class=\"col-xs-12 col-sm-6 col-md-4 col-lg-3\"><font size=\"4\">Kauth Csilla<\/font><\/div>\n<div class=\"col-xs-12 col-sm-6 col-md-4 col-lg-3\"><font size=\"4\">Kerekes Ter\u00e9z<\/font><\/div>\n<div class=\"col-xs-12 col-sm-6 col-md-4 col-lg-3\"><font size=\"4\">Ligeti Orsolya<\/font><\/div>\n<div class=\"col-xs-12 col-sm-6 col-md-4 col-lg-3\"><font size=\"4\">Tolvaj \u00c1kos<\/font><\/div>\n<\/p><\/div>\n<\/p>\n<h1 style=\"text-align: center;\">2000<\/h1>\n<hr color=\"black\">\n<center><\/p>\n<div class=\"container-fluid\">\n<div class=\"row\">\n<div class=\"col-xs-12 col-sm-6 col-md-4 col-lg-3\"><font size=\"4\">Cs\u00edz Andr\u00e1s<\/font><\/div>\n<div class=\"col-xs-12 col-sm-6 col-md-4 col-lg-3\"><font size=\"4\">N\u00e1br\u00e1czky-Haj\u00f3s Anna<\/font><\/div>\n<div class=\"col-xs-12 col-sm-6 col-md-4 col-lg-3\"><font size=\"4\">Schlosser P\u00e9ter<\/font><\/div>\n<div class=\"col-xs-12 col-sm-6 col-md-4 col-lg-3\"><font size=\"4\">Tomcs\u00e1nyi Mikl\u00f3s<\/font><\/div>\n<\/p><\/div>\n<\/p>\n<h1 style=\"text-align: center;\">1999<\/h1>\n<hr color=\"black\">\n<center><\/p>\n<div class=\"container-fluid\">\n<div class=\"row\">\n<div class=\"col-xs-12 col-sm-6 col-md-4 col-lg-3\"><font size=\"4\">L\u00e1nyi Al\u00edz<\/font><\/div>\n<div class=\"col-xs-12 col-sm-6 col-md-4 col-lg-3\"><font size=\"4\">Pint\u00e9r Sarolta<\/font><\/div>\n<div class=\"col-xs-12 col-sm-6 col-md-4 col-lg-3\"><font size=\"4\">Pr\u00f3kai Erna<\/font><\/div>\n<div class=\"col-xs-12 col-sm-6 col-md-4 col-lg-3\"><font size=\"4\">Ulics\u00e1k N\u00e1ndor<\/font><\/div>\n<\/p><\/div>\n<\/p>\n<h1 style=\"text-align: center;\">1998<\/h1>\n<hr color=\"black\">\n<center><\/p>\n<div class=\"container-fluid\">\n<div class=\"row\">\n<div class=\"col-xs-12 col-sm-6 col-md-4 col-lg-3\"><font size=\"4\">Csiky Orsolya<\/font><\/div>\n<div class=\"col-xs-12 col-sm-6 col-md-4 col-lg-3\"><font size=\"4\">Kocsis Andrea<\/font><\/div>\n<div class=\"col-xs-12 col-sm-6 col-md-4 col-lg-3\"><font size=\"4\">T\u00f3th-Daru Zita<\/font><\/div>\n<div class=\"col-xs-12 col-sm-6 col-md-4 col-lg-3\"><font size=\"4\">Vad\u00e1sz Viktor<\/font><\/div>\n<\/p><\/div>\n<\/p>\n<h1 style=\"text-align: center;\">1997<\/h1>\n<hr color=\"black\">\n<center><\/p>\n<div class=\"container-fluid\">\n<div class=\"row\">\n<div class=\"col-xs-12 col-sm-6 col-md-4 col-lg-3\"><font size=\"4\">J\u00e1ki Zsuzsanna<\/font><\/div>\n<div class=\"col-xs-12 col-sm-6 col-md-4 col-lg-3\"><font size=\"4\">Nagy Andrea<\/font><\/div>\n<div class=\"col-xs-12 col-sm-6 col-md-4 col-lg-3\"><font size=\"4\">Pommersheim Ferenc<\/font><\/div>\n<div class=\"col-xs-12 col-sm-6 col-md-4 col-lg-3\"><font size=\"4\">Sz\u0171cs Kinga<\/font><\/div>\n<\/p><\/div>\n<\/p>\n<div class=\"row\">\n<div class=\"col-xs-12 col-sm-12 col-md-12 col-lg-12\"><font size=\"4\">Tomcs\u00e1nyi Andr\u00e1s<\/font><\/div>\n<\/p><\/div>\n<\/p>\n<h1 style=\"text-align: center;\">1996<\/h1>\n<hr color=\"black\">\n<center><\/p>\n<div class=\"container-fluid\">\n<div class=\"row\">\n<div class=\"col-xs-12 col-sm-6 col-md-4 col-lg-4\"><font size=\"4\">Bajn\u00f3czi Mih\u00e1ly<\/font><\/div>\n<div class=\"col-xs-12 col-sm-6 col-md-4 col-lg-4\"><font size=\"4\">Luk\u00e1cs M\u00f3nika<\/font><\/div>\n<div class=\"col-xs-12 col-sm-6 col-md-4 col-lg-4\"><font size=\"4\">Sz\u00e9csi Katalin<\/font><\/div>\n<\/p><\/div>\n<\/p>\n<h1 style=\"text-align: center;\">1995<\/h1>\n<hr color=\"black\">\n<center><\/p>\n<div class=\"container-fluid\">\n<div class=\"row\">\n<div class=\"col-xs-12 col-sm-12 col-md-12 col-lg-12\"><font size=\"4\">G\u0151bel Eszter<\/font><\/div>\n<\/p><\/div>\n<\/p>\n<h1 style=\"text-align: center;\">1994<\/h1>\n<hr color=\"black\">\n<center><\/p>\n<div class=\"container-fluid\">\n<div class=\"row\">\n<div class=\"col-xs-12 col-sm-6 col-md-6 col-lg-6\"><font size=\"4\">Kruchina Zs\u00f3fia<\/font><\/div>\n<div class=\"col-xs-12 col-sm-6 col-md-6 col-lg-6\"><font size=\"4\">Szab\u00f3 B\u00e1lint<\/font><\/div>\n<\/p><\/div>\n<\/p>\n<h1 style=\"text-align: center;\">1993<\/h1>\n<hr color=\"black\">\n<center><\/p>\n<div class=\"container-fluid\">\n<div class=\"row\">\n<div class=\"col-xs-12 col-sm-6 col-md-6 col-lg-6\"><font size=\"4\">Bod\u00f3 M\u00e1ria<\/font><\/div>\n<div class=\"col-xs-12 col-sm-6 col-md-6 col-lg-6\"><font size=\"4\">Viktorin Zsolt<\/font><\/div>\n<\/p><\/div>\n<\/p>\n<h1 style=\"text-align: center;\">1993<\/h1>\n<hr color=\"black\">\n<center><\/p>\n<div class=\"container-fluid\">\n<div class=\"row\">\n<div class=\"col-xs-12 col-sm-6 col-md-6 col-lg-6\"><font size=\"4\">Horv\u00e1th Tam\u00e1s<\/font><\/div>\n<div class=\"col-xs-12 col-sm-6 col-md-6 col-lg-6\"><font size=\"4\">Varga Veronika<\/font><\/div>\n<\/p><\/div>\n<\/p><\/p>\n","protected":false},"excerpt":{"rendered":"<p>Az elm\u00falt 22 \u00e9vben \u00f6sszesen 99 magyar di\u00e1k vett r\u00e9szt a Global Outreach programban. 2014 Asztalos Rita Breuer P\u00e9ter Fekete Gergely F\u00fczi Andor Oltv\u00e1nyi L\u00e1szl\u00f3 Papp J\u00e1nos R\u00e1cz Zsuzsanna Schumicky Ilona Taller Hanna Taks\u00f3 M\u00e1t\u00e9 2013 Aujeszky N\u00f3ra Bakos Marcell Berecz Bogl\u00e1rka Bokor D\u00e1niel Arnold Cs\u00e1sz\u00e1r Eszter Medgyesi Adrienn Pahocsa J\u00falia T\u00f3th Bernadett 2012 Bartos [&hellip;]<\/p>\n","protected":false},"author":3,"featured_media":0,"parent":0,"menu_order":0,"comment_status":"open","ping_status":"open","template":"","meta":{"_links_to":"","_links_to_target":""},"_links":{"self":[{"href":"https:\/\/globaloutreach.hu\/en\/wp-json\/wp\/v2\/pages\/36"}],"collection":[{"href":"https:\/\/globaloutreach.hu\/en\/wp-json\/wp\/v2\/pages"}],"about":[{"href":"https:\/\/globaloutreach.hu\/en\/wp-json\/wp\/v2\/types\/page"}],"author":[{"embeddable":true,"href":"https:\/\/globaloutreach.hu\/en\/wp-json\/wp\/v2\/users\/3"}],"replies":[{"embeddable":true,"href":"https:\/\/globaloutreach.hu\/en\/wp-json\/wp\/v2\/comments?post=36"}],"version-history":[{"count":26,"href":"https:\/\/globaloutreach.hu\/en\/wp-json\/wp\/v2\/pages\/36\/revisions"}],"predecessor-version":[{"id":337,"href":"https:\/\/globaloutreach.hu\/en\/wp-json\/wp\/v2\/pages\/36\/revisions\/337"}],"wp:attachment":[{"href":"https:\/\/globaloutreach.hu\/en\/wp-json\/wp\/v2\/media?parent=36"}],"curies":[{"name":"wp","href":"https:\/\/api.w.org\/{rel}","templated":true}]}}